{"id":250,"date":"2021-12-21T13:03:51","date_gmt":"2021-12-21T12:03:51","guid":{"rendered":"http:\/\/uccle-centre-art.org\/www2\/?page_id=250"},"modified":"2022-03-07T13:35:19","modified_gmt":"2022-03-07T12:35:19","slug":"hiro-saika","status":"publish","type":"page","link":"http:\/\/uccle-centre-art.org\/www2\/hiro-saika\/","title":{"rendered":"HIRO SAIKA"},"content":{"rendered":"\n<div class=\"wp-block-columns is-layout-flex wp-container-core-columns-is-layout-9d6595d7 wp-block-columns-is-layout-flex\">\n<div class=\"wp-block-column is-layout-flow wp-block-column-is-layout-flow\">\n<figure class=\"wp-block-gallery has-nested-images columns-1 is-cropped wp-block-gallery-1 is-layout-flex wp-block-gallery-is-layout-flex\">\n<figure class=\"wp-block-image size-large\"><img loading=\"lazy\" decoding=\"async\" width=\"2560\" height=\"2560\" data-id=\"253\" src=\"http:\/\/uccle-centre-art.org\/www2\/wp-content\/uploads\/2021\/12\/fndsqqlomdcqcgwoikoixkujthhypxld_mosa_2-scaled.jpg\" alt=\"\" class=\"wp-image-253\" srcset=\"http:\/\/uccle-centre-art.org\/www2\/wp-content\/uploads\/2021\/12\/fndsqqlomdcqcgwoikoixkujthhypxld_mosa_2-scaled.jpg 2560w, http:\/\/uccle-centre-art.org\/www2\/wp-content\/uploads\/2021\/12\/fndsqqlomdcqcgwoikoixkujthhypxld_mosa_2-300x300.jpg 300w, http:\/\/uccle-centre-art.org\/www2\/wp-content\/uploads\/2021\/12\/fndsqqlomdcqcgwoikoixkujthhypxld_mosa_2-1024x1024.jpg 1024w, http:\/\/uccle-centre-art.org\/www2\/wp-content\/uploads\/2021\/12\/fndsqqlomdcqcgwoikoixkujthhypxld_mosa_2-150x150.jpg 150w, http:\/\/uccle-centre-art.org\/www2\/wp-content\/uploads\/2021\/12\/fndsqqlomdcqcgwoikoixkujthhypxld_mosa_2-768x768.jpg 768w, http:\/\/uccle-centre-art.org\/www2\/wp-content\/uploads\/2021\/12\/fndsqqlomdcqcgwoikoixkujthhypxld_mosa_2-1536x1536.jpg 1536w, http:\/\/uccle-centre-art.org\/www2\/wp-content\/uploads\/2021\/12\/fndsqqlomdcqcgwoikoixkujthhypxld_mosa_2-2048x2048.jpg 2048w\" sizes=\"auto, (max-width: 2560px) 100vw, 2560px\" \/><\/figure>\n\n\n\n<figure class=\"wp-block-image size-large\"><img loading=\"lazy\" decoding=\"async\" width=\"425\" height=\"425\" data-id=\"252\" src=\"http:\/\/uccle-centre-art.org\/www2\/wp-content\/uploads\/2021\/12\/fndsqqlomdcqcgwoikoixkujthhypxld_mosa_1.jpg\" alt=\"\" class=\"wp-image-252\" srcset=\"http:\/\/uccle-centre-art.org\/www2\/wp-content\/uploads\/2021\/12\/fndsqqlomdcqcgwoikoixkujthhypxld_mosa_1.jpg 425w, http:\/\/uccle-centre-art.org\/www2\/wp-content\/uploads\/2021\/12\/fndsqqlomdcqcgwoikoixkujthhypxld_mosa_1-300x300.jpg 300w, http:\/\/uccle-centre-art.org\/www2\/wp-content\/uploads\/2021\/12\/fndsqqlomdcqcgwoikoixkujthhypxld_mosa_1-150x150.jpg 150w\" sizes=\"auto, (max-width: 425px) 100vw, 425px\" \/><\/figure>\n\n\n\n<figure class=\"wp-block-image size-large\"><img loading=\"lazy\" decoding=\"async\" width=\"1063\" height=\"1063\" data-id=\"251\" src=\"http:\/\/uccle-centre-art.org\/www2\/wp-content\/uploads\/2021\/12\/fndsqqlomdcqcgwoikoixkujthhypxld_mosa_0.jpg\" alt=\"\" class=\"wp-image-251\" srcset=\"http:\/\/uccle-centre-art.org\/www2\/wp-content\/uploads\/2021\/12\/fndsqqlomdcqcgwoikoixkujthhypxld_mosa_0.jpg 1063w, http:\/\/uccle-centre-art.org\/www2\/wp-content\/uploads\/2021\/12\/fndsqqlomdcqcgwoikoixkujthhypxld_mosa_0-300x300.jpg 300w, http:\/\/uccle-centre-art.org\/www2\/wp-content\/uploads\/2021\/12\/fndsqqlomdcqcgwoikoixkujthhypxld_mosa_0-1024x1024.jpg 1024w, http:\/\/uccle-centre-art.org\/www2\/wp-content\/uploads\/2021\/12\/fndsqqlomdcqcgwoikoixkujthhypxld_mosa_0-150x150.jpg 150w, http:\/\/uccle-centre-art.org\/www2\/wp-content\/uploads\/2021\/12\/fndsqqlomdcqcgwoikoixkujthhypxld_mosa_0-768x768.jpg 768w\" sizes=\"auto, (max-width: 1063px) 100vw, 1063px\" \/><\/figure>\n<\/figure>\n<\/div>\n\n\n\n<div class=\"wp-block-column is-layout-flow wp-block-column-is-layout-flow\">\n<p><strong>HIRO SAIKA<\/strong><\/p>\n\n\n\n<p><a href=\"mailto:hiro.saika@gmail.com\">hiro.saika@gmail.com<\/a><\/p>\n\n\n\n<p><p align=\"justify\">HiRo SAIKA ( \u5f69\u971e\uff09Japan &#8211; 1949&nbsp;<br>lives in Uccle since 1990 . I am a third-generation of artist YAGI SAIkA (yagisaika.com).&nbsp;<br>I studied art in Academy de Bozar atelier Marianne DOCK in Bruxelles and Wimbledon art school .&nbsp;<br>My work uses the animal motif to express human&rsquo;s expression, a social problem, private problem and peace, freedom. I love to use mix technic, oil paint, acrylic paint, ink (Japanese) etc, on canvas, paper and I also make papier m\u00e2ch\u00e9 (3D).&nbsp;<\/p><\/p>\n\n\n\n<p><p align=\"justify\">HiRo SAIKA ( \u5f69\u971e\uff09Japon &#8211; 1949&nbsp;<br>habite \u00e0 Uccle depuis 1990. Je suis une artiste de troisi\u00e8me g\u00e9n\u00e9ration YAGI SAIkA (yagisaika.com).&nbsp;<br>J&rsquo;ai \u00e9tudi\u00e9 l&rsquo;art \u00e0 l&rsquo;Acad\u00e9mie de Bozar, \u00e0 l&rsquo;atelier Marianne DOCK \u00e0 Bruxelles et \u00e0 l&rsquo;\u00e9cole d&rsquo;art de Wimbledon.&nbsp;<br>mon travail d&rsquo;utilise le motif animal pour exprimer l&rsquo;expression de l&rsquo;homme, un probl\u00e8me social, un probl\u00e8me priv\u00e9, la paix, la libert\u00e9. J&rsquo;adore utiliser la technique du mixte, peinture \u00e0 l&rsquo;huile, peinture acrylique, encre (japonaise) etc, sur toile, papier. je fais \u00e9galement du papier m\u00e2ch\u00e9 (3D).<\/p><\/p>\n\n\n\n<hr class=\"wp-block-separator is-style-dots\"\/>\n\n\n\n<p class=\"has-small-font-size\">1 &#8211; &lsquo;Cows life 2021&rsquo;\u00a0 &lsquo;La vie des vaches 2021&rsquo; , Huile, brou de noix et encre japonaise &lsquo;sumi&rsquo; sur toile , 60 x 80 cm<\/p>\n\n\n\n<p class=\"has-small-font-size\">2 &#8211; &lsquo;My blood Toupie&rsquo; , sumi (Japanese Ink) et brou de noix , papier 21cm x 29.7cm<\/p>\n\n\n\n<p class=\"has-small-font-size\">3 &#8211; &lsquo;My blood Toupie&rsquo; ,\u00a0 sumi (Japanese Ink) et brou de noix , papier 21cm x 29.7cm<\/p>\n<\/div>\n<\/div>\n","protected":false},"excerpt":{"rendered":"<p>HIRO SAIKA hiro.saika@gmail.com HiRo SAIKA ( \u5f69\u971e\uff09Japan &#8211; 1949&nbsp;lives in Uccle since 1990 . I am a third-generation of artist YAGI SAIkA (yagisaika.com).&nbsp;I studied art in Academy de Bozar atelier Marianne DOCK in Bruxelles and Wimbledon art school .&nbsp;My work uses the animal motif to express human&rsquo;s expression, a social problem, private problem and peace,&hellip;&nbsp;<a href=\"http:\/\/uccle-centre-art.org\/www2\/hiro-saika\/\" class=\"\" rel=\"bookmark\">Lire la suite &raquo;<span class=\"screen-reader-text\">HIRO SAIKA<\/span><\/a><\/p>\n","protected":false},"author":1,"featured_media":0,"parent":0,"menu_order":0,"comment_status":"closed","ping_status":"closed","template":"","meta":{"neve_meta_sidebar":"","neve_meta_container":"","neve_meta_enable_content_width":"","neve_meta_content_width":0,"neve_meta_title_alignment":"","neve_meta_author_avatar":"","neve_post_elements_order":"","neve_meta_disable_header":"","neve_meta_disable_footer":"","neve_meta_disable_title":"on","footnotes":""},"class_list":["post-250","page","type-page","status-publish","hentry"],"_links":{"self":[{"href":"http:\/\/uccle-centre-art.org\/www2\/wp-json\/wp\/v2\/pages\/250","targetHints":{"allow":["GET"]}}],"collection":[{"href":"http:\/\/uccle-centre-art.org\/www2\/wp-json\/wp\/v2\/pages"}],"about":[{"href":"http:\/\/uccle-centre-art.org\/www2\/wp-json\/wp\/v2\/types\/page"}],"author":[{"embeddable":true,"href":"http:\/\/uccle-centre-art.org\/www2\/wp-json\/wp\/v2\/users\/1"}],"replies":[{"embeddable":true,"href":"http:\/\/uccle-centre-art.org\/www2\/wp-json\/wp\/v2\/comments?post=250"}],"version-history":[{"count":8,"href":"http:\/\/uccle-centre-art.org\/www2\/wp-json\/wp\/v2\/pages\/250\/revisions"}],"predecessor-version":[{"id":1269,"href":"http:\/\/uccle-centre-art.org\/www2\/wp-json\/wp\/v2\/pages\/250\/revisions\/1269"}],"wp:attachment":[{"href":"http:\/\/uccle-centre-art.org\/www2\/wp-json\/wp\/v2\/media?parent=250"}],"curies":[{"name":"wp","href":"https:\/\/api.w.org\/{rel}","templated":true}]}}