{"id":262,"date":"2021-12-21T13:08:53","date_gmt":"2021-12-21T12:08:53","guid":{"rendered":"http:\/\/uccle-centre-art.org\/www2\/?page_id=262"},"modified":"2022-02-21T15:54:52","modified_gmt":"2022-02-21T14:54:52","slug":"roland-rodembourg","status":"publish","type":"page","link":"http:\/\/uccle-centre-art.org\/www2\/roland-rodembourg\/","title":{"rendered":"ROLAND RODEMBOURG"},"content":{"rendered":"\n<div class=\"wp-block-columns is-layout-flex wp-container-core-columns-is-layout-9d6595d7 wp-block-columns-is-layout-flex\">\n<div class=\"wp-block-column is-layout-flow wp-block-column-is-layout-flow\">\n<figure class=\"wp-block-gallery has-nested-images columns-1 is-cropped wp-block-gallery-1 is-layout-flex wp-block-gallery-is-layout-flex\">\n<figure class=\"wp-block-image size-large\"><img loading=\"lazy\" decoding=\"async\" width=\"1894\" height=\"1894\" data-id=\"266\" src=\"http:\/\/uccle-centre-art.org\/www2\/wp-content\/uploads\/2021\/12\/adhslnsaxmomnxfjijphojtdfvinerzz_mosa_3.jpg\" alt=\"\" class=\"wp-image-266\" srcset=\"http:\/\/uccle-centre-art.org\/www2\/wp-content\/uploads\/2021\/12\/adhslnsaxmomnxfjijphojtdfvinerzz_mosa_3.jpg 1894w, http:\/\/uccle-centre-art.org\/www2\/wp-content\/uploads\/2021\/12\/adhslnsaxmomnxfjijphojtdfvinerzz_mosa_3-300x300.jpg 300w, http:\/\/uccle-centre-art.org\/www2\/wp-content\/uploads\/2021\/12\/adhslnsaxmomnxfjijphojtdfvinerzz_mosa_3-1024x1024.jpg 1024w, http:\/\/uccle-centre-art.org\/www2\/wp-content\/uploads\/2021\/12\/adhslnsaxmomnxfjijphojtdfvinerzz_mosa_3-150x150.jpg 150w, http:\/\/uccle-centre-art.org\/www2\/wp-content\/uploads\/2021\/12\/adhslnsaxmomnxfjijphojtdfvinerzz_mosa_3-768x768.jpg 768w, http:\/\/uccle-centre-art.org\/www2\/wp-content\/uploads\/2021\/12\/adhslnsaxmomnxfjijphojtdfvinerzz_mosa_3-1536x1536.jpg 1536w\" sizes=\"auto, (max-width: 1894px) 100vw, 1894px\" \/><\/figure>\n\n\n\n<figure class=\"wp-block-image size-large\"><img loading=\"lazy\" decoding=\"async\" width=\"538\" height=\"538\" data-id=\"265\" src=\"http:\/\/uccle-centre-art.org\/www2\/wp-content\/uploads\/2021\/12\/adhslnsaxmomnxfjijphojtdfvinerzz_mosa_2.jpg\" alt=\"\" class=\"wp-image-265\" srcset=\"http:\/\/uccle-centre-art.org\/www2\/wp-content\/uploads\/2021\/12\/adhslnsaxmomnxfjijphojtdfvinerzz_mosa_2.jpg 538w, http:\/\/uccle-centre-art.org\/www2\/wp-content\/uploads\/2021\/12\/adhslnsaxmomnxfjijphojtdfvinerzz_mosa_2-300x300.jpg 300w, http:\/\/uccle-centre-art.org\/www2\/wp-content\/uploads\/2021\/12\/adhslnsaxmomnxfjijphojtdfvinerzz_mosa_2-150x150.jpg 150w\" sizes=\"auto, (max-width: 538px) 100vw, 538px\" \/><\/figure>\n\n\n\n<figure class=\"wp-block-image size-large\"><img loading=\"lazy\" decoding=\"async\" width=\"537\" height=\"537\" data-id=\"264\" src=\"http:\/\/uccle-centre-art.org\/www2\/wp-content\/uploads\/2021\/12\/adhslnsaxmomnxfjijphojtdfvinerzz_mosa_1.jpg\" alt=\"\" class=\"wp-image-264\" srcset=\"http:\/\/uccle-centre-art.org\/www2\/wp-content\/uploads\/2021\/12\/adhslnsaxmomnxfjijphojtdfvinerzz_mosa_1.jpg 537w, http:\/\/uccle-centre-art.org\/www2\/wp-content\/uploads\/2021\/12\/adhslnsaxmomnxfjijphojtdfvinerzz_mosa_1-300x300.jpg 300w, http:\/\/uccle-centre-art.org\/www2\/wp-content\/uploads\/2021\/12\/adhslnsaxmomnxfjijphojtdfvinerzz_mosa_1-150x150.jpg 150w\" sizes=\"auto, (max-width: 537px) 100vw, 537px\" \/><\/figure>\n\n\n\n<figure class=\"wp-block-image size-large\"><img loading=\"lazy\" decoding=\"async\" width=\"715\" height=\"715\" data-id=\"263\" src=\"http:\/\/uccle-centre-art.org\/www2\/wp-content\/uploads\/2021\/12\/adhslnsaxmomnxfjijphojtdfvinerzz_mosa_0.jpg\" alt=\"\" class=\"wp-image-263\" srcset=\"http:\/\/uccle-centre-art.org\/www2\/wp-content\/uploads\/2021\/12\/adhslnsaxmomnxfjijphojtdfvinerzz_mosa_0.jpg 715w, http:\/\/uccle-centre-art.org\/www2\/wp-content\/uploads\/2021\/12\/adhslnsaxmomnxfjijphojtdfvinerzz_mosa_0-300x300.jpg 300w, http:\/\/uccle-centre-art.org\/www2\/wp-content\/uploads\/2021\/12\/adhslnsaxmomnxfjijphojtdfvinerzz_mosa_0-150x150.jpg 150w\" sizes=\"auto, (max-width: 715px) 100vw, 715px\" \/><\/figure>\n\n\n\n<figure class=\"wp-block-image size-large\"><img loading=\"lazy\" decoding=\"async\" width=\"1894\" height=\"1894\" data-id=\"267\" src=\"http:\/\/uccle-centre-art.org\/www2\/wp-content\/uploads\/2021\/12\/adhslnsaxmomnxfjijphojtdfvinerzz_mosa_4.jpg\" alt=\"\" class=\"wp-image-267\" srcset=\"http:\/\/uccle-centre-art.org\/www2\/wp-content\/uploads\/2021\/12\/adhslnsaxmomnxfjijphojtdfvinerzz_mosa_4.jpg 1894w, http:\/\/uccle-centre-art.org\/www2\/wp-content\/uploads\/2021\/12\/adhslnsaxmomnxfjijphojtdfvinerzz_mosa_4-300x300.jpg 300w, http:\/\/uccle-centre-art.org\/www2\/wp-content\/uploads\/2021\/12\/adhslnsaxmomnxfjijphojtdfvinerzz_mosa_4-1024x1024.jpg 1024w, http:\/\/uccle-centre-art.org\/www2\/wp-content\/uploads\/2021\/12\/adhslnsaxmomnxfjijphojtdfvinerzz_mosa_4-150x150.jpg 150w, http:\/\/uccle-centre-art.org\/www2\/wp-content\/uploads\/2021\/12\/adhslnsaxmomnxfjijphojtdfvinerzz_mosa_4-768x768.jpg 768w, http:\/\/uccle-centre-art.org\/www2\/wp-content\/uploads\/2021\/12\/adhslnsaxmomnxfjijphojtdfvinerzz_mosa_4-1536x1536.jpg 1536w\" sizes=\"auto, (max-width: 1894px) 100vw, 1894px\" \/><\/figure>\n<\/figure>\n<\/div>\n\n\n\n<div class=\"wp-block-column is-layout-flow wp-block-column-is-layout-flow\">\n<p><strong>ROLAND RODEMBOURG<\/strong><\/p>\n\n\n\n<p><a href=\"tel:+32 2 375 69 12\">+32 2 375 69 12<\/a> | <a href=\"tel:+32 475 36 20 79\">+32 475 36 20 79<\/a> | <a href=\"mailto:rrodembourg@msn.com\">rrodembourg@msn.com<\/a><\/p>\n\n\n\n<p><p align=\"justify\">Besoin int\u00e9rieur depuis toujours de pratiquer la peinture \u00e0 l&rsquo;Huile. Mon P\u00e8re \u00e9tait lui-m\u00eame artiste-peintre amateur et ancien de la Cambre. A l&rsquo;\u00e2ge de 54 ans, soit en 1995, je m&rsquo;inscris \u00e0 l&rsquo;Acad\u00e9mie des Arts de Woluw\u00e9-Saint-Pierre. Au d\u00e9part, mon go\u00fbt personnel va vers l&rsquo;impressionnisme, puis je d\u00e9couvre la Peinture abstraite que je pratique exclusivement. Technique utilis\u00e9e: peinture \u00e0 l&rsquo;huile sur toile, au couteau, avec gros apports de mati\u00e8re de couleurs vives. Je me classerai donc (en toute humilit\u00e9) parmi les peintres abstraits, coloristes et mati\u00e9ristes.<\/p><\/p>\n\n\n\n<hr class=\"wp-block-separator is-style-dots\"\/>\n<\/div>\n<\/div>\n","protected":false},"excerpt":{"rendered":"<p>ROLAND RODEMBOURG +32 2 375 69 12 | +32 475 36 20 79 | rrodembourg@msn.com Besoin int\u00e9rieur depuis toujours de pratiquer la peinture \u00e0 l&rsquo;Huile. Mon P\u00e8re \u00e9tait lui-m\u00eame artiste-peintre amateur et ancien de la Cambre. A l&rsquo;\u00e2ge de 54 ans, soit en 1995, je m&rsquo;inscris \u00e0 l&rsquo;Acad\u00e9mie des Arts de Woluw\u00e9-Saint-Pierre. Au d\u00e9part, mon&hellip;&nbsp;<a href=\"http:\/\/uccle-centre-art.org\/www2\/roland-rodembourg\/\" class=\"\" rel=\"bookmark\">Lire la suite &raquo;<span class=\"screen-reader-text\">ROLAND RODEMBOURG<\/span><\/a><\/p>\n","protected":false},"author":1,"featured_media":0,"parent":0,"menu_order":0,"comment_status":"closed","ping_status":"closed","template":"","meta":{"neve_meta_sidebar":"","neve_meta_container":"","neve_meta_enable_content_width":"","neve_meta_content_width":0,"neve_meta_title_alignment":"","neve_meta_author_avatar":"","neve_post_elements_order":"","neve_meta_disable_header":"","neve_meta_disable_footer":"","neve_meta_disable_title":"on","footnotes":""},"class_list":["post-262","page","type-page","status-publish","hentry"],"_links":{"self":[{"href":"http:\/\/uccle-centre-art.org\/www2\/wp-json\/wp\/v2\/pages\/262","targetHints":{"allow":["GET"]}}],"collection":[{"href":"http:\/\/uccle-centre-art.org\/www2\/wp-json\/wp\/v2\/pages"}],"about":[{"href":"http:\/\/uccle-centre-art.org\/www2\/wp-json\/wp\/v2\/types\/page"}],"author":[{"embeddable":true,"href":"http:\/\/uccle-centre-art.org\/www2\/wp-json\/wp\/v2\/users\/1"}],"replies":[{"embeddable":true,"href":"http:\/\/uccle-centre-art.org\/www2\/wp-json\/wp\/v2\/comments?post=262"}],"version-history":[{"count":6,"href":"http:\/\/uccle-centre-art.org\/www2\/wp-json\/wp\/v2\/pages\/262\/revisions"}],"predecessor-version":[{"id":1187,"href":"http:\/\/uccle-centre-art.org\/www2\/wp-json\/wp\/v2\/pages\/262\/revisions\/1187"}],"wp:attachment":[{"href":"http:\/\/uccle-centre-art.org\/www2\/wp-json\/wp\/v2\/media?parent=262"}],"curies":[{"name":"wp","href":"https:\/\/api.w.org\/{rel}","templated":true}]}}