{"id":275,"date":"2021-12-21T19:36:00","date_gmt":"2021-12-21T18:36:00","guid":{"rendered":"http:\/\/uccle-centre-art.org\/www2\/?page_id=275"},"modified":"2024-01-10T13:03:55","modified_gmt":"2024-01-10T12:03:55","slug":"marina-osadtchouk","status":"publish","type":"page","link":"http:\/\/uccle-centre-art.org\/www2\/marina-osadtchouk\/","title":{"rendered":"MARINA OSADTCHOUK"},"content":{"rendered":"\n<div class=\"wp-block-columns is-layout-flex wp-container-core-columns-is-layout-9d6595d7 wp-block-columns-is-layout-flex\">\n<div class=\"wp-block-column is-layout-flow wp-block-column-is-layout-flow\">\n<figure class=\"wp-block-gallery has-nested-images columns-1 is-cropped wp-block-gallery-1 is-layout-flex wp-block-gallery-is-layout-flex\">\n<figure class=\"wp-block-image size-large\"><img loading=\"lazy\" decoding=\"async\" width=\"677\" height=\"1024\" data-id=\"1898\" src=\"https:\/\/uccle-centre-art.org\/www2\/wp-content\/uploads\/2024\/01\/fusain-et-pierre-noire-sur-carton-80-cm-x-120-cm-677x1024.jpg\" alt=\"\" class=\"wp-image-1898\" srcset=\"http:\/\/uccle-centre-art.org\/www2\/wp-content\/uploads\/2024\/01\/fusain-et-pierre-noire-sur-carton-80-cm-x-120-cm-677x1024.jpg 677w, http:\/\/uccle-centre-art.org\/www2\/wp-content\/uploads\/2024\/01\/fusain-et-pierre-noire-sur-carton-80-cm-x-120-cm-198x300.jpg 198w, http:\/\/uccle-centre-art.org\/www2\/wp-content\/uploads\/2024\/01\/fusain-et-pierre-noire-sur-carton-80-cm-x-120-cm-768x1162.jpg 768w, http:\/\/uccle-centre-art.org\/www2\/wp-content\/uploads\/2024\/01\/fusain-et-pierre-noire-sur-carton-80-cm-x-120-cm-1015x1536.jpg 1015w, http:\/\/uccle-centre-art.org\/www2\/wp-content\/uploads\/2024\/01\/fusain-et-pierre-noire-sur-carton-80-cm-x-120-cm-1353x2048.jpg 1353w, http:\/\/uccle-centre-art.org\/www2\/wp-content\/uploads\/2024\/01\/fusain-et-pierre-noire-sur-carton-80-cm-x-120-cm.jpg 1686w\" sizes=\"auto, (max-width: 677px) 100vw, 677px\" \/><\/figure>\n\n\n\n<figure class=\"wp-block-image size-large\"><img loading=\"lazy\" decoding=\"async\" width=\"591\" height=\"591\" data-id=\"278\" src=\"http:\/\/uccle-centre-art.org\/www2\/wp-content\/uploads\/2021\/12\/ujxnvvircoqxgfqowjfpeghyrcyhtevj_mosa_2.jpeg\" alt=\"\" class=\"wp-image-278\" srcset=\"http:\/\/uccle-centre-art.org\/www2\/wp-content\/uploads\/2021\/12\/ujxnvvircoqxgfqowjfpeghyrcyhtevj_mosa_2.jpeg 591w, http:\/\/uccle-centre-art.org\/www2\/wp-content\/uploads\/2021\/12\/ujxnvvircoqxgfqowjfpeghyrcyhtevj_mosa_2-300x300.jpeg 300w, http:\/\/uccle-centre-art.org\/www2\/wp-content\/uploads\/2021\/12\/ujxnvvircoqxgfqowjfpeghyrcyhtevj_mosa_2-150x150.jpeg 150w\" sizes=\"auto, (max-width: 591px) 100vw, 591px\" \/><\/figure>\n\n\n\n<figure class=\"wp-block-image size-large\"><img loading=\"lazy\" decoding=\"async\" width=\"1258\" height=\"1252\" data-id=\"279\" src=\"http:\/\/uccle-centre-art.org\/www2\/wp-content\/uploads\/2021\/12\/ujxnvvircoqxgfqowjfpeghyrcyhtevj_mosa_3.jpg\" alt=\"\" class=\"wp-image-279\" srcset=\"http:\/\/uccle-centre-art.org\/www2\/wp-content\/uploads\/2021\/12\/ujxnvvircoqxgfqowjfpeghyrcyhtevj_mosa_3.jpg 1258w, http:\/\/uccle-centre-art.org\/www2\/wp-content\/uploads\/2021\/12\/ujxnvvircoqxgfqowjfpeghyrcyhtevj_mosa_3-300x300.jpg 300w, http:\/\/uccle-centre-art.org\/www2\/wp-content\/uploads\/2021\/12\/ujxnvvircoqxgfqowjfpeghyrcyhtevj_mosa_3-1024x1019.jpg 1024w, http:\/\/uccle-centre-art.org\/www2\/wp-content\/uploads\/2021\/12\/ujxnvvircoqxgfqowjfpeghyrcyhtevj_mosa_3-150x150.jpg 150w, http:\/\/uccle-centre-art.org\/www2\/wp-content\/uploads\/2021\/12\/ujxnvvircoqxgfqowjfpeghyrcyhtevj_mosa_3-768x764.jpg 768w\" sizes=\"auto, (max-width: 1258px) 100vw, 1258px\" \/><\/figure>\n\n\n\n<figure class=\"wp-block-image size-large\"><img loading=\"lazy\" decoding=\"async\" width=\"1024\" height=\"750\" data-id=\"1900\" src=\"https:\/\/uccle-centre-art.org\/www2\/wp-content\/uploads\/2024\/01\/chien-rouge-Gravure-1024x750.jpeg\" alt=\"\" class=\"wp-image-1900\" srcset=\"http:\/\/uccle-centre-art.org\/www2\/wp-content\/uploads\/2024\/01\/chien-rouge-Gravure-1024x750.jpeg 1024w, http:\/\/uccle-centre-art.org\/www2\/wp-content\/uploads\/2024\/01\/chien-rouge-Gravure-300x220.jpeg 300w, http:\/\/uccle-centre-art.org\/www2\/wp-content\/uploads\/2024\/01\/chien-rouge-Gravure-768x563.jpeg 768w, http:\/\/uccle-centre-art.org\/www2\/wp-content\/uploads\/2024\/01\/chien-rouge-Gravure-1536x1125.jpeg 1536w, http:\/\/uccle-centre-art.org\/www2\/wp-content\/uploads\/2024\/01\/chien-rouge-Gravure-2048x1500.jpeg 2048w\" sizes=\"auto, (max-width: 1024px) 100vw, 1024px\" \/><\/figure>\n\n\n\n<figure class=\"wp-block-image size-large\"><img loading=\"lazy\" decoding=\"async\" width=\"1255\" height=\"1267\" data-id=\"276\" src=\"http:\/\/uccle-centre-art.org\/www2\/wp-content\/uploads\/2021\/12\/ujxnvvircoqxgfqowjfpeghyrcyhtevj_mosa_0.jpeg\" alt=\"\" class=\"wp-image-276\" srcset=\"http:\/\/uccle-centre-art.org\/www2\/wp-content\/uploads\/2021\/12\/ujxnvvircoqxgfqowjfpeghyrcyhtevj_mosa_0.jpeg 1255w, http:\/\/uccle-centre-art.org\/www2\/wp-content\/uploads\/2021\/12\/ujxnvvircoqxgfqowjfpeghyrcyhtevj_mosa_0-297x300.jpeg 297w, http:\/\/uccle-centre-art.org\/www2\/wp-content\/uploads\/2021\/12\/ujxnvvircoqxgfqowjfpeghyrcyhtevj_mosa_0-1014x1024.jpeg 1014w, http:\/\/uccle-centre-art.org\/www2\/wp-content\/uploads\/2021\/12\/ujxnvvircoqxgfqowjfpeghyrcyhtevj_mosa_0-150x150.jpeg 150w, http:\/\/uccle-centre-art.org\/www2\/wp-content\/uploads\/2021\/12\/ujxnvvircoqxgfqowjfpeghyrcyhtevj_mosa_0-768x775.jpeg 768w\" sizes=\"auto, (max-width: 1255px) 100vw, 1255px\" \/><\/figure>\n<\/figure>\n<\/div>\n\n\n\n<div class=\"wp-block-column is-layout-flow wp-block-column-is-layout-flow\">\n<p><strong>MARINA OSADTCHOUK<\/strong><\/p>\n\n\n\n<p><a href=\"tel:+32 486 08 84 20\">+32 486 08 84 20<\/a> | <a href=\"mailto:osadtchouk@gmail.com\">osadtchouk@gmail.com<\/a> | <a href=\"http:\/\/osadtchouk.wordpress.com\" target=\"_blank\" rel=\"noreferrer noopener\">osadtchouk.wordpress.com<\/a><\/p>\n\n\n\n<p>Dipl\u00f4m\u00e9e de l\u2019Ecole d\u2019Art de Minsk, Belarus (Professeur de dessin)<\/p>\n\n\n\n<p>Dipl\u00f4m\u00e9e de l\u2019Acad\u00e9mie des Beaux-Arts de Kiev,Ukraine (Peintre-restaurateur)<\/p>\n\n\n\n<p>Apr\u00e8s avoir travaill\u00e9 pendant plusieurs ann\u00e9es en tant que restauratrice des tableaux anciens (essentiellement la peinture flamande XVI-XVII), je me suis tourn\u00e9e vers plus de cr\u00e9ativit\u00e9.<\/p>\n\n\n\n<p>Je n\u2019ai pas une d\u00e9marche, un style, un genre que je d\u00e9veloppe d\u2019une mani\u00e8re lin\u00e9aire. Mais si l\u2019on doit d\u00e9finir une continuit\u00e9 dans mon travail, c\u2019est l\u2019humain et la figure humaine qui reviennent le plus souvent. Pendant des ann\u00e9es je me suis concentr\u00e9e sur le portrait. Mais j\u2019ai toujours eu le besoin de chercher, de me renouveler, tant au niveau du th\u00e8me que de la forme. J\u2019ai beaucoup explor\u00e9 le th\u00e8me du&nbsp; corps en mouvement .Que ce soit la danse, le sport, les musiciens, chanteurs et chanteuses, et tout r\u00e9cemment&nbsp; les cultures urbaines, je tente toujours d\u2019en saisir la quintessence. Je recherche la spontan\u00e9it\u00e9 du geste, le jeu de la transparence et de la mati\u00e8re, la luminosit\u00e9 et j\u2019accorde beaucoup d\u2019attention \u00e0 la composition pour mettre mon sujet en valeur.&nbsp;<\/p>\n\n\n\n<p>Je me suis aussi int\u00e9ress\u00e9e \u00e0 la gravure. Apr\u00e8s avoir \u00e9tudi\u00e9 les proc\u00e9d\u00e9s plus classiques (diff\u00e9rents proc\u00e9d\u00e9s de gravure sur m\u00e9tal), je me suis tourn\u00e9e vers d\u2019autres supports et proc\u00e9d\u00e9s (linol\u00e9um, plexiglas).Je me concentre actuellement sur l\u2019association des proc\u00e9d\u00e9s.<\/p>\n\n\n\n<p>&nbsp;Je trouve une grande satisfaction \u00e0 relever les d\u00e9fis techniques de cette discipline.&nbsp; La gravure m\u2019offre de nombreuses opportunit\u00e9s cr\u00e9atrices. L\u2019image se cr\u00e9e \u00e9tape par \u00e9tape, avec sa part d\u2019impr\u00e9vus, avec les variations d\u2019impression, de superpositions, de mati\u00e8res\u2026 les m\u00eames recherches, essais-erreurs, trouvailles que dans l\u2019acte de peindre.<\/p>\n\n\n\n<p><\/p>\n\n\n\n<p class=\"has-small-font-size\">1 &#8211; Dessin:fusain et pierre noire sur carton 80cm x 120cm<\/p>\n\n\n\n<p class=\"has-small-font-size\">2 &#8211; Cultures urbaines I, huile sur toile , 100x80cm<\/p>\n\n\n\n<p class=\"has-small-font-size\">3 &#8211; Cultures Urbaines V, gravure sur linol\u00e9um , 19x19cm<\/p>\n\n\n\n<p class=\"has-small-font-size\">4 &#8211; Chien rouge  gravure   <\/p>\n\n\n\n<p class=\"has-small-font-size\">5-&lsquo;L&rsquo;Etre&rsquo;-premier prix concours Eddy Van Lanckere 2012,  peinture \u00e0 l&rsquo;huile, 60x60cm<\/p>\n\n\n\n<p class=\"has-small-font-size\">6-S\u00e9rie \u00ab\u00a04 saisons\u00a0\u00bb.Gravure<\/p>\n<\/div>\n<\/div>\n\n\n\n<figure class=\"wp-block-image size-large is-resized\"><img loading=\"lazy\" decoding=\"async\" width=\"743\" height=\"1024\" src=\"https:\/\/uccle-centre-art.org\/www2\/wp-content\/uploads\/2024\/01\/serie-224-saisons22-gravurejpeg-743x1024.jpeg\" alt=\"\" class=\"wp-image-1904\" style=\"width:373px;height:auto\" srcset=\"http:\/\/uccle-centre-art.org\/www2\/wp-content\/uploads\/2024\/01\/serie-224-saisons22-gravurejpeg-743x1024.jpeg 743w, http:\/\/uccle-centre-art.org\/www2\/wp-content\/uploads\/2024\/01\/serie-224-saisons22-gravurejpeg-218x300.jpeg 218w, http:\/\/uccle-centre-art.org\/www2\/wp-content\/uploads\/2024\/01\/serie-224-saisons22-gravurejpeg-768x1059.jpeg 768w, http:\/\/uccle-centre-art.org\/www2\/wp-content\/uploads\/2024\/01\/serie-224-saisons22-gravurejpeg.jpeg 1115w\" sizes=\"auto, (max-width: 743px) 100vw, 743px\" \/><\/figure>\n\n\n","protected":false},"excerpt":{"rendered":"<p>MARINA OSADTCHOUK +32 486 08 84 20 | osadtchouk@gmail.com | osadtchouk.wordpress.com Dipl\u00f4m\u00e9e de l\u2019Ecole d\u2019Art de Minsk, Belarus (Professeur de dessin) Dipl\u00f4m\u00e9e de l\u2019Acad\u00e9mie des Beaux-Arts de Kiev,Ukraine (Peintre-restaurateur) Apr\u00e8s avoir travaill\u00e9 pendant plusieurs ann\u00e9es en tant que restauratrice des tableaux anciens (essentiellement la peinture flamande XVI-XVII), je me suis tourn\u00e9e vers plus de cr\u00e9ativit\u00e9.&hellip;&nbsp;<a href=\"http:\/\/uccle-centre-art.org\/www2\/marina-osadtchouk\/\" class=\"\" rel=\"bookmark\">Lire la suite &raquo;<span class=\"screen-reader-text\">MARINA OSADTCHOUK<\/span><\/a><\/p>\n","protected":false},"author":1,"featured_media":0,"parent":0,"menu_order":0,"comment_status":"closed","ping_status":"closed","template":"","meta":{"neve_meta_sidebar":"","neve_meta_container":"","neve_meta_enable_content_width":"","neve_meta_content_width":0,"neve_meta_title_alignment":"","neve_meta_author_avatar":"","neve_post_elements_order":"","neve_meta_disable_header":"","neve_meta_disable_footer":"","neve_meta_disable_title":"on","footnotes":""},"class_list":["post-275","page","type-page","status-publish","hentry"],"_links":{"self":[{"href":"http:\/\/uccle-centre-art.org\/www2\/wp-json\/wp\/v2\/pages\/275","targetHints":{"allow":["GET"]}}],"collection":[{"href":"http:\/\/uccle-centre-art.org\/www2\/wp-json\/wp\/v2\/pages"}],"about":[{"href":"http:\/\/uccle-centre-art.org\/www2\/wp-json\/wp\/v2\/types\/page"}],"author":[{"embeddable":true,"href":"http:\/\/uccle-centre-art.org\/www2\/wp-json\/wp\/v2\/users\/1"}],"replies":[{"embeddable":true,"href":"http:\/\/uccle-centre-art.org\/www2\/wp-json\/wp\/v2\/comments?post=275"}],"version-history":[{"count":17,"href":"http:\/\/uccle-centre-art.org\/www2\/wp-json\/wp\/v2\/pages\/275\/revisions"}],"predecessor-version":[{"id":1907,"href":"http:\/\/uccle-centre-art.org\/www2\/wp-json\/wp\/v2\/pages\/275\/revisions\/1907"}],"wp:attachment":[{"href":"http:\/\/uccle-centre-art.org\/www2\/wp-json\/wp\/v2\/media?parent=275"}],"curies":[{"name":"wp","href":"https:\/\/api.w.org\/{rel}","templated":true}]}}