{"id":323,"date":"2021-12-21T19:56:38","date_gmt":"2021-12-21T18:56:38","guid":{"rendered":"http:\/\/uccle-centre-art.org\/www2\/?page_id=323"},"modified":"2022-05-25T10:41:23","modified_gmt":"2022-05-25T08:41:23","slug":"marc-jadoul","status":"publish","type":"page","link":"http:\/\/uccle-centre-art.org\/www2\/marc-jadoul\/","title":{"rendered":"MARC JADOUL"},"content":{"rendered":"\n<div class=\"wp-block-columns is-layout-flex wp-container-core-columns-is-layout-9d6595d7 wp-block-columns-is-layout-flex\">\n<div class=\"wp-block-column is-layout-flow wp-block-column-is-layout-flow\">\n<figure class=\"wp-block-image size-full\"><img loading=\"lazy\" decoding=\"async\" width=\"640\" height=\"636\" src=\"http:\/\/uccle-centre-art.org\/www2\/wp-content\/uploads\/2022\/05\/image3.jpeg\" alt=\"\" class=\"wp-image-1544\" srcset=\"http:\/\/uccle-centre-art.org\/www2\/wp-content\/uploads\/2022\/05\/image3.jpeg 640w, http:\/\/uccle-centre-art.org\/www2\/wp-content\/uploads\/2022\/05\/image3-300x298.jpeg 300w, http:\/\/uccle-centre-art.org\/www2\/wp-content\/uploads\/2022\/05\/image3-150x150.jpeg 150w\" sizes=\"auto, (max-width: 640px) 100vw, 640px\" \/><\/figure>\n\n\n\n<figure class=\"wp-block-gallery has-nested-images columns-1 is-cropped wp-block-gallery-1 is-layout-flex wp-block-gallery-is-layout-flex\">\n<figure class=\"wp-block-image size-large\"><img loading=\"lazy\" decoding=\"async\" width=\"624\" height=\"640\" data-id=\"328\" src=\"http:\/\/uccle-centre-art.org\/www2\/wp-content\/uploads\/2021\/12\/agqoylxfstcbxlifgystyzwilpvavuze_mosa_4.jpg\" alt=\"\" class=\"wp-image-328\" srcset=\"http:\/\/uccle-centre-art.org\/www2\/wp-content\/uploads\/2021\/12\/agqoylxfstcbxlifgystyzwilpvavuze_mosa_4.jpg 624w, http:\/\/uccle-centre-art.org\/www2\/wp-content\/uploads\/2021\/12\/agqoylxfstcbxlifgystyzwilpvavuze_mosa_4-293x300.jpg 293w\" sizes=\"auto, (max-width: 624px) 100vw, 624px\" \/><\/figure>\n\n\n\n<figure class=\"wp-block-image size-large\"><img loading=\"lazy\" decoding=\"async\" width=\"640\" height=\"624\" data-id=\"327\" src=\"http:\/\/uccle-centre-art.org\/www2\/wp-content\/uploads\/2021\/12\/agqoylxfstcbxlifgystyzwilpvavuze_mosa_3.jpg\" alt=\"\" class=\"wp-image-327\" srcset=\"http:\/\/uccle-centre-art.org\/www2\/wp-content\/uploads\/2021\/12\/agqoylxfstcbxlifgystyzwilpvavuze_mosa_3.jpg 640w, http:\/\/uccle-centre-art.org\/www2\/wp-content\/uploads\/2021\/12\/agqoylxfstcbxlifgystyzwilpvavuze_mosa_3-300x293.jpg 300w\" sizes=\"auto, (max-width: 640px) 100vw, 640px\" \/><\/figure>\n\n\n\n<figure class=\"wp-block-image size-large\"><img loading=\"lazy\" decoding=\"async\" width=\"510\" height=\"510\" data-id=\"326\" src=\"http:\/\/uccle-centre-art.org\/www2\/wp-content\/uploads\/2021\/12\/agqoylxfstcbxlifgystyzwilpvavuze_mosa_2.jpg\" alt=\"\" class=\"wp-image-326\" srcset=\"http:\/\/uccle-centre-art.org\/www2\/wp-content\/uploads\/2021\/12\/agqoylxfstcbxlifgystyzwilpvavuze_mosa_2.jpg 510w, http:\/\/uccle-centre-art.org\/www2\/wp-content\/uploads\/2021\/12\/agqoylxfstcbxlifgystyzwilpvavuze_mosa_2-300x300.jpg 300w, http:\/\/uccle-centre-art.org\/www2\/wp-content\/uploads\/2021\/12\/agqoylxfstcbxlifgystyzwilpvavuze_mosa_2-150x150.jpg 150w\" sizes=\"auto, (max-width: 510px) 100vw, 510px\" \/><\/figure>\n\n\n\n<figure class=\"wp-block-image size-large\"><img loading=\"lazy\" decoding=\"async\" width=\"510\" height=\"510\" data-id=\"325\" src=\"http:\/\/uccle-centre-art.org\/www2\/wp-content\/uploads\/2021\/12\/agqoylxfstcbxlifgystyzwilpvavuze_mosa_1.jpg\" alt=\"\" class=\"wp-image-325\" srcset=\"http:\/\/uccle-centre-art.org\/www2\/wp-content\/uploads\/2021\/12\/agqoylxfstcbxlifgystyzwilpvavuze_mosa_1.jpg 510w, http:\/\/uccle-centre-art.org\/www2\/wp-content\/uploads\/2021\/12\/agqoylxfstcbxlifgystyzwilpvavuze_mosa_1-300x300.jpg 300w, http:\/\/uccle-centre-art.org\/www2\/wp-content\/uploads\/2021\/12\/agqoylxfstcbxlifgystyzwilpvavuze_mosa_1-150x150.jpg 150w\" sizes=\"auto, (max-width: 510px) 100vw, 510px\" \/><\/figure>\n\n\n\n<figure class=\"wp-block-image size-large\"><img loading=\"lazy\" decoding=\"async\" width=\"407\" height=\"425\" data-id=\"324\" src=\"http:\/\/uccle-centre-art.org\/www2\/wp-content\/uploads\/2021\/12\/agqoylxfstcbxlifgystyzwilpvavuze_mosa_0.jpg\" alt=\"\" class=\"wp-image-324\" srcset=\"http:\/\/uccle-centre-art.org\/www2\/wp-content\/uploads\/2021\/12\/agqoylxfstcbxlifgystyzwilpvavuze_mosa_0.jpg 407w, http:\/\/uccle-centre-art.org\/www2\/wp-content\/uploads\/2021\/12\/agqoylxfstcbxlifgystyzwilpvavuze_mosa_0-287x300.jpg 287w\" sizes=\"auto, (max-width: 407px) 100vw, 407px\" \/><\/figure>\n<\/figure>\n<\/div>\n\n\n\n<div class=\"wp-block-column is-layout-flow wp-block-column-is-layout-flow\">\n<p><strong>MARC JADOUL<\/strong><\/p>\n\n\n\n<p><a href=\"tel:+32 475 40 01 85\">+32 475 40 01 85<\/a> | <a href=\"mailto:marc.jadoul@skynet.be\">marc.jadoul@skynet.be<\/a><\/p>\n\n\n\n<p><p align=\"justify\">N\u00e9 \u00e0 Uccle en 1955&nbsp;<br>Form\u00e9 \u00e0 l&rsquo;\u00e9cole de la vie, peintre et sculpteur autodidacte.&nbsp;<br>Il appr\u00e9cie l&rsquo;acrylique sur toile, pour sa texture onctueuse et son s\u00e9chage rapide,&nbsp;<br>On peut aussi m\u00e9langer la peinture avec de l\u2019eau, ou avec des m\u00e9diums appropri\u00e9s afin de travailler de fa\u00e7on plus liquide ou transparente.&nbsp;<br>La sculpture sur bois est une technique que l&rsquo;on pratique en retirant de la mati\u00e8re. Qui sanctionne la moindre erreur de jugement, ce qui fait que l&rsquo;on rentre compl\u00e8tement dans son sujet.&nbsp;<br>Pour la peinture, les pinceaux, spatules et couteaux, et pour la sculpture la tron\u00e7onneuse le couteau et ciseaux sont ses outils de pr\u00e9dilection.\u00a0\u00bb&nbsp;<br>Abstrait dans la couleur, r\u00e9aliste dans les formes.&nbsp;<br>Depuis tout jeune il \u00e9tait tr\u00e8s fort attir\u00e9 par les ateliers bricolages, dessin, bois. C&rsquo;est \u00e0 un cours d&rsquo;art plastique qu&rsquo;il s&rsquo;est rendu compte de sa fibre artistique.&nbsp;<br>Apr\u00e8s avoir \u00e9t\u00e9 aquarelliste durant plus de 15 ans, il prend un virage \u00e0 180\u00b0pour se tourner vers l&rsquo;acrylique sur toile.&nbsp;<br>Apr\u00e8s plusieurs essais de sculpture sur terre, mousse sym\u00e9trique,polyester, pierre, m\u00e9tal, c&rsquo;est le bois et la tron\u00e7onneuse qui le s\u00e9duisent d\u00e9finitivement.&nbsp;<br>Sa d\u00e9marche artistique n&rsquo;a d&rsquo;autre but que le plaisir de peintre, de sculpter pour lib\u00e9rer ses \u00e9motions en total osmose avec la mati\u00e8re qu&rsquo;il travaille.&nbsp;<br>Son optimisme, r\u00e9alisme, tr\u00e8s attir\u00e9 vers l&rsquo;\u00eatre humain, les animaux et la nature sont ses principales sources d&rsquo;inspiration.<\/p><\/p>\n\n\n\n<hr class=\"wp-block-separator has-css-opacity is-style-dots\"\/>\n<\/div>\n<\/div>\n\n\n\n<figure class=\"wp-block-image size-large is-resized\"><img loading=\"lazy\" decoding=\"async\" src=\"http:\/\/uccle-centre-art.org\/www2\/wp-content\/uploads\/2022\/05\/DA2468F4-5A33-4671-8866-8D2F084C0526-768x1024.jpeg\" alt=\"\" class=\"wp-image-1545\" width=\"342\" height=\"457\" srcset=\"http:\/\/uccle-centre-art.org\/www2\/wp-content\/uploads\/2022\/05\/DA2468F4-5A33-4671-8866-8D2F084C0526-768x1024.jpeg 768w, http:\/\/uccle-centre-art.org\/www2\/wp-content\/uploads\/2022\/05\/DA2468F4-5A33-4671-8866-8D2F084C0526-225x300.jpeg 225w, http:\/\/uccle-centre-art.org\/www2\/wp-content\/uploads\/2022\/05\/DA2468F4-5A33-4671-8866-8D2F084C0526-1152x1536.jpeg 1152w, http:\/\/uccle-centre-art.org\/www2\/wp-content\/uploads\/2022\/05\/DA2468F4-5A33-4671-8866-8D2F084C0526-1536x2048.jpeg 1536w, http:\/\/uccle-centre-art.org\/www2\/wp-content\/uploads\/2022\/05\/DA2468F4-5A33-4671-8866-8D2F084C0526-scaled.jpeg 1920w\" sizes=\"auto, (max-width: 342px) 100vw, 342px\" \/><\/figure>\n","protected":false},"excerpt":{"rendered":"<p>MARC JADOUL +32 475 40 01 85 | marc.jadoul@skynet.be N\u00e9 \u00e0 Uccle en 1955&nbsp;Form\u00e9 \u00e0 l&rsquo;\u00e9cole de la vie, peintre et sculpteur autodidacte.&nbsp;Il appr\u00e9cie l&rsquo;acrylique sur toile, pour sa texture onctueuse et son s\u00e9chage rapide,&nbsp;On peut aussi m\u00e9langer la peinture avec de l\u2019eau, ou avec des m\u00e9diums appropri\u00e9s afin de travailler de fa\u00e7on plus liquide&hellip;&nbsp;<a href=\"http:\/\/uccle-centre-art.org\/www2\/marc-jadoul\/\" class=\"\" rel=\"bookmark\">Lire la suite &raquo;<span class=\"screen-reader-text\">MARC JADOUL<\/span><\/a><\/p>\n","protected":false},"author":1,"featured_media":0,"parent":0,"menu_order":0,"comment_status":"closed","ping_status":"closed","template":"","meta":{"neve_meta_sidebar":"","neve_meta_container":"","neve_meta_enable_content_width":"","neve_meta_content_width":0,"neve_meta_title_alignment":"","neve_meta_author_avatar":"","neve_post_elements_order":"","neve_meta_disable_header":"","neve_meta_disable_footer":"","neve_meta_disable_title":"on","footnotes":""},"class_list":["post-323","page","type-page","status-publish","hentry"],"_links":{"self":[{"href":"http:\/\/uccle-centre-art.org\/www2\/wp-json\/wp\/v2\/pages\/323","targetHints":{"allow":["GET"]}}],"collection":[{"href":"http:\/\/uccle-centre-art.org\/www2\/wp-json\/wp\/v2\/pages"}],"about":[{"href":"http:\/\/uccle-centre-art.org\/www2\/wp-json\/wp\/v2\/types\/page"}],"author":[{"embeddable":true,"href":"http:\/\/uccle-centre-art.org\/www2\/wp-json\/wp\/v2\/users\/1"}],"replies":[{"embeddable":true,"href":"http:\/\/uccle-centre-art.org\/www2\/wp-json\/wp\/v2\/comments?post=323"}],"version-history":[{"count":9,"href":"http:\/\/uccle-centre-art.org\/www2\/wp-json\/wp\/v2\/pages\/323\/revisions"}],"predecessor-version":[{"id":1547,"href":"http:\/\/uccle-centre-art.org\/www2\/wp-json\/wp\/v2\/pages\/323\/revisions\/1547"}],"wp:attachment":[{"href":"http:\/\/uccle-centre-art.org\/www2\/wp-json\/wp\/v2\/media?parent=323"}],"curies":[{"name":"wp","href":"https:\/\/api.w.org\/{rel}","templated":true}]}}