{"id":367,"date":"2021-12-21T20:20:32","date_gmt":"2021-12-21T19:20:32","guid":{"rendered":"http:\/\/uccle-centre-art.org\/www2\/?page_id=367"},"modified":"2022-02-21T15:53:46","modified_gmt":"2022-02-21T14:53:46","slug":"monique-demeuse","status":"publish","type":"page","link":"http:\/\/uccle-centre-art.org\/www2\/monique-demeuse\/","title":{"rendered":"MONIQUE DEMEUSE"},"content":{"rendered":"\n<div class=\"wp-block-columns is-layout-flex wp-container-core-columns-is-layout-9d6595d7 wp-block-columns-is-layout-flex\">\n<div class=\"wp-block-column is-layout-flow wp-block-column-is-layout-flow\">\n<figure class=\"wp-block-gallery has-nested-images columns-1 is-cropped wp-block-gallery-1 is-layout-flex wp-block-gallery-is-layout-flex\">\n<figure class=\"wp-block-image size-large\"><img loading=\"lazy\" decoding=\"async\" width=\"2052\" height=\"2052\" data-id=\"368\" src=\"http:\/\/uccle-centre-art.org\/www2\/wp-content\/uploads\/2021\/12\/uwdtjeccrkcnlrpuzzwldcrvoyxixcmg_mosa_0.jpg\" alt=\"\" class=\"wp-image-368\" srcset=\"http:\/\/uccle-centre-art.org\/www2\/wp-content\/uploads\/2021\/12\/uwdtjeccrkcnlrpuzzwldcrvoyxixcmg_mosa_0.jpg 2052w, http:\/\/uccle-centre-art.org\/www2\/wp-content\/uploads\/2021\/12\/uwdtjeccrkcnlrpuzzwldcrvoyxixcmg_mosa_0-300x300.jpg 300w, http:\/\/uccle-centre-art.org\/www2\/wp-content\/uploads\/2021\/12\/uwdtjeccrkcnlrpuzzwldcrvoyxixcmg_mosa_0-1024x1024.jpg 1024w, http:\/\/uccle-centre-art.org\/www2\/wp-content\/uploads\/2021\/12\/uwdtjeccrkcnlrpuzzwldcrvoyxixcmg_mosa_0-150x150.jpg 150w, http:\/\/uccle-centre-art.org\/www2\/wp-content\/uploads\/2021\/12\/uwdtjeccrkcnlrpuzzwldcrvoyxixcmg_mosa_0-768x768.jpg 768w, http:\/\/uccle-centre-art.org\/www2\/wp-content\/uploads\/2021\/12\/uwdtjeccrkcnlrpuzzwldcrvoyxixcmg_mosa_0-1536x1536.jpg 1536w, http:\/\/uccle-centre-art.org\/www2\/wp-content\/uploads\/2021\/12\/uwdtjeccrkcnlrpuzzwldcrvoyxixcmg_mosa_0-2048x2048.jpg 2048w\" sizes=\"auto, (max-width: 2052px) 100vw, 2052px\" \/><\/figure>\n\n\n\n<figure class=\"wp-block-image size-large\"><img loading=\"lazy\" decoding=\"async\" width=\"1263\" height=\"1263\" data-id=\"369\" src=\"http:\/\/uccle-centre-art.org\/www2\/wp-content\/uploads\/2021\/12\/uwdtjeccrkcnlrpuzzwldcrvoyxixcmg_mosa_1.jpg\" alt=\"\" class=\"wp-image-369\" srcset=\"http:\/\/uccle-centre-art.org\/www2\/wp-content\/uploads\/2021\/12\/uwdtjeccrkcnlrpuzzwldcrvoyxixcmg_mosa_1.jpg 1263w, http:\/\/uccle-centre-art.org\/www2\/wp-content\/uploads\/2021\/12\/uwdtjeccrkcnlrpuzzwldcrvoyxixcmg_mosa_1-300x300.jpg 300w, http:\/\/uccle-centre-art.org\/www2\/wp-content\/uploads\/2021\/12\/uwdtjeccrkcnlrpuzzwldcrvoyxixcmg_mosa_1-1024x1024.jpg 1024w, http:\/\/uccle-centre-art.org\/www2\/wp-content\/uploads\/2021\/12\/uwdtjeccrkcnlrpuzzwldcrvoyxixcmg_mosa_1-150x150.jpg 150w, http:\/\/uccle-centre-art.org\/www2\/wp-content\/uploads\/2021\/12\/uwdtjeccrkcnlrpuzzwldcrvoyxixcmg_mosa_1-768x768.jpg 768w\" sizes=\"auto, (max-width: 1263px) 100vw, 1263px\" \/><\/figure>\n\n\n\n<figure class=\"wp-block-image size-large\"><img loading=\"lazy\" decoding=\"async\" width=\"1234\" height=\"1234\" data-id=\"370\" src=\"http:\/\/uccle-centre-art.org\/www2\/wp-content\/uploads\/2021\/12\/uwdtjeccrkcnlrpuzzwldcrvoyxixcmg_mosa_2.jpg\" alt=\"\" class=\"wp-image-370\" srcset=\"http:\/\/uccle-centre-art.org\/www2\/wp-content\/uploads\/2021\/12\/uwdtjeccrkcnlrpuzzwldcrvoyxixcmg_mosa_2.jpg 1234w, http:\/\/uccle-centre-art.org\/www2\/wp-content\/uploads\/2021\/12\/uwdtjeccrkcnlrpuzzwldcrvoyxixcmg_mosa_2-300x300.jpg 300w, http:\/\/uccle-centre-art.org\/www2\/wp-content\/uploads\/2021\/12\/uwdtjeccrkcnlrpuzzwldcrvoyxixcmg_mosa_2-1024x1024.jpg 1024w, http:\/\/uccle-centre-art.org\/www2\/wp-content\/uploads\/2021\/12\/uwdtjeccrkcnlrpuzzwldcrvoyxixcmg_mosa_2-150x150.jpg 150w, http:\/\/uccle-centre-art.org\/www2\/wp-content\/uploads\/2021\/12\/uwdtjeccrkcnlrpuzzwldcrvoyxixcmg_mosa_2-768x768.jpg 768w\" sizes=\"auto, (max-width: 1234px) 100vw, 1234px\" \/><\/figure>\n\n\n\n<figure class=\"wp-block-image size-large\"><img loading=\"lazy\" decoding=\"async\" width=\"1342\" height=\"1342\" data-id=\"371\" src=\"http:\/\/uccle-centre-art.org\/www2\/wp-content\/uploads\/2021\/12\/uwdtjeccrkcnlrpuzzwldcrvoyxixcmg_mosa_3.jpg\" alt=\"\" class=\"wp-image-371\" srcset=\"http:\/\/uccle-centre-art.org\/www2\/wp-content\/uploads\/2021\/12\/uwdtjeccrkcnlrpuzzwldcrvoyxixcmg_mosa_3.jpg 1342w, http:\/\/uccle-centre-art.org\/www2\/wp-content\/uploads\/2021\/12\/uwdtjeccrkcnlrpuzzwldcrvoyxixcmg_mosa_3-300x300.jpg 300w, http:\/\/uccle-centre-art.org\/www2\/wp-content\/uploads\/2021\/12\/uwdtjeccrkcnlrpuzzwldcrvoyxixcmg_mosa_3-1024x1024.jpg 1024w, http:\/\/uccle-centre-art.org\/www2\/wp-content\/uploads\/2021\/12\/uwdtjeccrkcnlrpuzzwldcrvoyxixcmg_mosa_3-150x150.jpg 150w, http:\/\/uccle-centre-art.org\/www2\/wp-content\/uploads\/2021\/12\/uwdtjeccrkcnlrpuzzwldcrvoyxixcmg_mosa_3-768x768.jpg 768w\" sizes=\"auto, (max-width: 1342px) 100vw, 1342px\" \/><\/figure>\n<\/figure>\n<\/div>\n\n\n\n<div class=\"wp-block-column is-layout-flow wp-block-column-is-layout-flow\">\n<p><strong>MONIQUE DEMEUSE<\/strong><\/p>\n\n\n\n<p><a href=\"tel:+32 498 10 38 87\">+32 498 10 38 87<\/a> | <a href=\"tel:+32 2 380 23 16\">+32 2 380 23 16<\/a> | <a href=\"mailto:monique.demeuse@hotmail.com\">monique.demeuse@hotmail.com<\/a><\/p>\n\n\n\n<p>L&rsquo;amour des mati\u00e8res et des couleurs m&rsquo;entraine sur le chemin labyrinthique de la cr\u00e9ation. Regarder, s\u2019impr\u00e9gner, m\u00e9diter puis dessiner, peindre et se laisser porter par la spontan\u00e9it\u00e9 du geste. Voyager du visible \u00e0 l&rsquo;invisible.<\/p>\n\n\n\n<hr class=\"wp-block-separator is-style-dots\"\/>\n<\/div>\n<\/div>\n","protected":false},"excerpt":{"rendered":"<p>MONIQUE DEMEUSE +32 498 10 38 87 | +32 2 380 23 16 | monique.demeuse@hotmail.com L&rsquo;amour des mati\u00e8res et des couleurs m&rsquo;entraine sur le chemin labyrinthique de la cr\u00e9ation. Regarder, s\u2019impr\u00e9gner, m\u00e9diter puis dessiner, peindre et se laisser porter par la spontan\u00e9it\u00e9 du geste. Voyager du visible \u00e0 l&rsquo;invisible.<\/p>\n","protected":false},"author":1,"featured_media":0,"parent":0,"menu_order":0,"comment_status":"closed","ping_status":"closed","template":"","meta":{"neve_meta_sidebar":"","neve_meta_container":"","neve_meta_enable_content_width":"","neve_meta_content_width":0,"neve_meta_title_alignment":"","neve_meta_author_avatar":"","neve_post_elements_order":"","neve_meta_disable_header":"","neve_meta_disable_footer":"","neve_meta_disable_title":"on","footnotes":""},"class_list":["post-367","page","type-page","status-publish","hentry"],"_links":{"self":[{"href":"http:\/\/uccle-centre-art.org\/www2\/wp-json\/wp\/v2\/pages\/367","targetHints":{"allow":["GET"]}}],"collection":[{"href":"http:\/\/uccle-centre-art.org\/www2\/wp-json\/wp\/v2\/pages"}],"about":[{"href":"http:\/\/uccle-centre-art.org\/www2\/wp-json\/wp\/v2\/types\/page"}],"author":[{"embeddable":true,"href":"http:\/\/uccle-centre-art.org\/www2\/wp-json\/wp\/v2\/users\/1"}],"replies":[{"embeddable":true,"href":"http:\/\/uccle-centre-art.org\/www2\/wp-json\/wp\/v2\/comments?post=367"}],"version-history":[{"count":6,"href":"http:\/\/uccle-centre-art.org\/www2\/wp-json\/wp\/v2\/pages\/367\/revisions"}],"predecessor-version":[{"id":1181,"href":"http:\/\/uccle-centre-art.org\/www2\/wp-json\/wp\/v2\/pages\/367\/revisions\/1181"}],"wp:attachment":[{"href":"http:\/\/uccle-centre-art.org\/www2\/wp-json\/wp\/v2\/media?parent=367"}],"curies":[{"name":"wp","href":"https:\/\/api.w.org\/{rel}","templated":true}]}}