{"id":20,"date":"2021-12-06T17:43:10","date_gmt":"2021-12-06T16:43:10","guid":{"rendered":"http:\/\/uccle-centre-art.org\/www2\/?page_id=20"},"modified":"2026-02-24T12:32:00","modified_gmt":"2026-02-24T11:32:00","slug":"contact","status":"publish","type":"page","link":"https:\/\/uccle-centre-art.org\/www2\/contact\/","title":{"rendered":"Contact"},"content":{"rendered":"\n<div class=\"wp-block-group\"><div class=\"wp-block-group__inner-container is-layout-flow wp-block-group-is-layout-flow\">\n<div class=\"wp-block-columns is-layout-flex wp-container-core-columns-is-layout-9d6595d7 wp-block-columns-is-layout-flex\">\n<div class=\"wp-block-column is-layout-flow wp-block-column-is-layout-flow\" style=\"flex-basis:100%\">\n<figure class=\"wp-block-table is-style-regular\"><table><tbody><tr><td><strong>IR\u00c8NE TYTGAT<\/strong><\/td><td>Pr\u00e9sidente, secr\u00e9taire<\/td><td><a href=\"tel:+32 474 90 27 73\">+32 474 90 27 73<\/a><br><a href=\"mailto:irenetytgat@skynet.be\">irenetytgat@skynet.be<\/a><\/td><\/tr><tr><td><strong><strong>MARC JADOUL<\/strong><\/strong><\/td><td>Vice-Pr\u00e9sident<\/td><td><a href=\"tel:+32 475 40 01 85\">+32 475 40 01 85<\/a><br><a href=\"mailto:marc.jadoul@skynet.be\">marc.jadoul@skynet.be<\/a><\/td><\/tr><tr><td><strong>CAROLL ADLER<\/strong><\/td><td>Administratrice<\/td><td><a href=\"tel:+32 477 32 63 55\">+32 477 32 63 55<\/a><br><a href=\"mailto:carolladler.com@gmail.com\">carolladler.com@gmail.com<\/a><\/td><\/tr><tr><td><strong>CLAIRE de BRABANT<\/strong><\/td><td>Administratrice<\/td><td><a href=\"http:\/\/+32 478 52 31 30\">+32 495 28 40 80<\/a><br><a href=\"mailto:debrabantclaire@gmail.com\" data-type=\"mailto\" data-id=\"mailto:debrabantclaire@gmail.com\">debrabantclaire@gmail.com<\/a><\/td><\/tr><tr><td><strong>CATHY BROUWEZ<\/strong><\/td><td>Administratrice<\/td><td><br><a href=\"tel:+32%20474%2008%2019%2044\">+32 474 08 19 44<\/a> <br><a href=\"mailto:cathybrouwez@gmail.com\">cathybrouwez@gmail.com<\/a><\/td><\/tr><tr><td><strong>MYRIAM CASSIERS<\/strong><\/td><td>Administratrice<\/td><td><a href=\"tel:+32 478 52 31 30\">+32 478 52 31 30<\/a><br><a href=\"mailto:myriamcassiers059@gmail.com\" data-type=\"mailto\" data-id=\"mailto:myriamcassiers059@gmail.com\">myriamcassiers059@gmail.com<\/a><\/td><\/tr><tr><td><strong><strong>SAMINA<\/strong><\/strong> <strong><strong>KETELBUTERS <\/strong><\/strong><\/td><td>Administratrice<\/td><td><a href=\"tel:+32 478 39 57 98\"><br><a href=\"http:\/\/+32%202%20374%2093%2036\/\">+32 479 39 85 58<\/a><\/a><a href=\"mailto:christine_g@skynet.be\"><br>\u00a0<a href=\"tel:+32%20475%20911%20445\">minaillustration@hotmail.com<\/a><\/a><\/td><\/tr><tr><td><strong><strong>REN\u00c9 VANBEVEREN<\/strong><\/strong><\/td><td>Administrateur, tr\u00e9sorier<\/td><td><a href=\"tel:+32 478 39 57 98\" data-type=\"tel\" data-id=\"tel:+32 478 39 57 98\">+32 478 39 57 98<\/a><br><a href=\"mailto:vanbeverenrene@gmail.com\">vanbeverenrene@gmail.com<\/a><\/td><\/tr><tr><td><\/td><td><\/td><td><\/td><\/tr><\/tbody><\/table><\/figure>\n<\/div>\n<\/div>\n\n\n\n<h2 class=\"wp-block-heading has-text-align-center\"><\/h2>\n<\/div><\/div>\n\n\n\n<h3 class=\"wp-block-heading has-text-align-center\" id=\"contacter-l-uca\"><strong>Contacter l&rsquo;UCA<\/strong><\/h3>\n\n\n\n<div class=\"wp-block-columns alignwide are-vertically-aligned-center is-layout-flex wp-container-core-columns-is-layout-9d6595d7 wp-block-columns-is-layout-flex\">\n<div class=\"wp-block-column is-vertically-aligned-center is-layout-flow wp-block-column-is-layout-flow\">\n<div class=\"wpcf7 no-js\" id=\"wpcf7-f39-o1\" lang=\"fr-BE\" dir=\"ltr\">\n<div class=\"screen-reader-response\"><p role=\"status\" aria-live=\"polite\" aria-atomic=\"true\"><\/p> <ul><\/ul><\/div>\n<form action=\"\/www2\/wp-json\/wp\/v2\/pages\/20#wpcf7-f39-o1\" method=\"post\" class=\"wpcf7-form init\" aria-label=\"Contact form\" novalidate=\"novalidate\" data-status=\"init\">\n<div style=\"display: none;\">\n<input type=\"hidden\" name=\"_wpcf7\" value=\"39\" \/>\n<input type=\"hidden\" name=\"_wpcf7_version\" value=\"5.8.4\" \/>\n<input type=\"hidden\" name=\"_wpcf7_locale\" value=\"fr_BE\" \/>\n<input type=\"hidden\" name=\"_wpcf7_unit_tag\" value=\"wpcf7-f39-o1\" \/>\n<input type=\"hidden\" name=\"_wpcf7_container_post\" value=\"0\" \/>\n<input type=\"hidden\" name=\"_wpcf7_posted_data_hash\" value=\"\" \/>\n<input type=\"hidden\" name=\"_wpcf7_recaptcha_response\" value=\"\" \/>\n<\/div>\n<p><label> Votre nom<br \/>\n<span class=\"wpcf7-form-control-wrap\" data-name=\"your-name\"><input size=\"40\" class=\"wpcf7-form-control wpcf7-text wpcf7-validates-as-required\" aria-required=\"true\" aria-invalid=\"false\" value=\"\" type=\"text\" name=\"your-name\" \/><\/span> <\/label>\n<\/p>\n<p><label> Votre e-mail<br \/>\n<span class=\"wpcf7-form-control-wrap\" data-name=\"your-email\"><input size=\"40\" class=\"wpcf7-form-control wpcf7-email wpcf7-validates-as-required wpcf7-text wpcf7-validates-as-email\" aria-required=\"true\" aria-invalid=\"false\" value=\"\" type=\"email\" name=\"your-email\" \/><\/span> <\/label>\n<\/p>\n<p><label> Objet<br \/>\n<span class=\"wpcf7-form-control-wrap\" data-name=\"your-subject\"><input size=\"40\" class=\"wpcf7-form-control wpcf7-text wpcf7-validates-as-required\" aria-required=\"true\" aria-invalid=\"false\" value=\"\" type=\"text\" name=\"your-subject\" \/><\/span> <\/label>\n<\/p>\n<p><label> Votre message<br \/>\n<span class=\"wpcf7-form-control-wrap\" data-name=\"your-message\"><textarea cols=\"40\" rows=\"10\" class=\"wpcf7-form-control wpcf7-textarea\" aria-invalid=\"false\" name=\"your-message\"><\/textarea><\/span> <\/label>\n<\/p>\n<p><input class=\"wpcf7-form-control wpcf7-submit has-spinner\" type=\"submit\" value=\"Envoyer\" \/>\n<\/p><div class=\"wpcf7-response-output\" aria-hidden=\"true\"><\/div>\n<\/form>\n<\/div>\n\n<\/div>\n<\/div>\n\n\n\n\n\n<div class=\"wp-block-group\"><div class=\"wp-block-group__inner-container is-layout-flow wp-block-group-is-layout-flow\">\n<p class=\"has-text-align-center\"><strong>Avenue de l&rsquo;Aulne 34<\/strong><br>1180 Uccle<br>Bruxelles, Belgique<\/p>\n<\/div><\/div>\n\n\n\n<p><\/p>\n","protected":false},"excerpt":{"rendered":"<p>IR\u00c8NE TYTGAT Pr\u00e9sidente, secr\u00e9taire +32 474 90 27 73irenetytgat@skynet.be MARC JADOUL Vice-Pr\u00e9sident +32 475 40 01 85marc.jadoul@skynet.be CAROLL ADLER Administratrice +32 477 32 63 55carolladler.com@gmail.com CLAIRE de BRABANT Administratrice +32 495 28 40 80debrabantclaire@gmail.com CATHY BROUWEZ Administratrice +32 474 08 19 44 cathybrouwez@gmail.com MYRIAM CASSIERS Administratrice +32 478 52 31 30myriamcassiers059@gmail.com SAMINA KETELBUTERS Administratrice +32&hellip;&nbsp;<a href=\"https:\/\/uccle-centre-art.org\/www2\/contact\/\" class=\"\" rel=\"bookmark\">Lire la suite &raquo;<span class=\"screen-reader-text\">Contact<\/span><\/a><\/p>\n","protected":false},"author":1,"featured_media":0,"parent":0,"menu_order":0,"comment_status":"closed","ping_status":"closed","template":"","meta":{"neve_meta_sidebar":"","neve_meta_container":"contained","neve_meta_enable_content_width":"on","neve_meta_content_width":70,"neve_meta_title_alignment":"center","neve_meta_author_avatar":"","neve_post_elements_order":"","neve_meta_disable_header":"","neve_meta_disable_footer":"","neve_meta_disable_title":"on","footnotes":""},"class_list":["post-20","page","type-page","status-publish","hentry"],"_links":{"self":[{"href":"https:\/\/uccle-centre-art.org\/www2\/wp-json\/wp\/v2\/pages\/20","targetHints":{"allow":["GET"]}}],"collection":[{"href":"https:\/\/uccle-centre-art.org\/www2\/wp-json\/wp\/v2\/pages"}],"about":[{"href":"https:\/\/uccle-centre-art.org\/www2\/wp-json\/wp\/v2\/types\/page"}],"author":[{"embeddable":true,"href":"https:\/\/uccle-centre-art.org\/www2\/wp-json\/wp\/v2\/users\/1"}],"replies":[{"embeddable":true,"href":"https:\/\/uccle-centre-art.org\/www2\/wp-json\/wp\/v2\/comments?post=20"}],"version-history":[{"count":83,"href":"https:\/\/uccle-centre-art.org\/www2\/wp-json\/wp\/v2\/pages\/20\/revisions"}],"predecessor-version":[{"id":2118,"href":"https:\/\/uccle-centre-art.org\/www2\/wp-json\/wp\/v2\/pages\/20\/revisions\/2118"}],"wp:attachment":[{"href":"https:\/\/uccle-centre-art.org\/www2\/wp-json\/wp\/v2\/media?parent=20"}],"curies":[{"name":"wp","href":"https:\/\/api.w.org\/{rel}","templated":true}]}}