{"id":392,"date":"2021-12-21T22:02:36","date_gmt":"2021-12-21T21:02:36","guid":{"rendered":"http:\/\/uccle-centre-art.org\/www2\/?page_id=392"},"modified":"2022-05-09T17:01:13","modified_gmt":"2022-05-09T15:01:13","slug":"myriam-cassiers","status":"publish","type":"page","link":"https:\/\/uccle-centre-art.org\/www2\/myriam-cassiers\/","title":{"rendered":"MYRIAM CASSIERS"},"content":{"rendered":"\n<div class=\"wp-block-columns is-layout-flex wp-container-core-columns-is-layout-9d6595d7 wp-block-columns-is-layout-flex\">\n<div class=\"wp-block-column is-layout-flow wp-block-column-is-layout-flow\">\n<figure class=\"wp-block-gallery has-nested-images columns-1 is-cropped wp-block-gallery-1 is-layout-flex wp-block-gallery-is-layout-flex\">\n<figure class=\"wp-block-image size-large\"><img loading=\"lazy\" decoding=\"async\" width=\"768\" height=\"1024\" data-id=\"1453\" src=\"http:\/\/uccle-centre-art.org\/www2\/wp-content\/uploads\/2022\/04\/FIRMAMENT-768x1024.jpeg\" alt=\"\" class=\"wp-image-1453\" srcset=\"https:\/\/uccle-centre-art.org\/www2\/wp-content\/uploads\/2022\/04\/FIRMAMENT-768x1024.jpeg 768w, https:\/\/uccle-centre-art.org\/www2\/wp-content\/uploads\/2022\/04\/FIRMAMENT-225x300.jpeg 225w, https:\/\/uccle-centre-art.org\/www2\/wp-content\/uploads\/2022\/04\/FIRMAMENT-1152x1536.jpeg 1152w, https:\/\/uccle-centre-art.org\/www2\/wp-content\/uploads\/2022\/04\/FIRMAMENT-1536x2048.jpeg 1536w, https:\/\/uccle-centre-art.org\/www2\/wp-content\/uploads\/2022\/04\/FIRMAMENT-scaled.jpeg 1920w\" sizes=\"auto, (max-width: 768px) 100vw, 768px\" \/><figcaption>FIRMAMENT<\/figcaption><\/figure>\n\n\n\n<figure class=\"wp-block-image size-large\"><img loading=\"lazy\" decoding=\"async\" width=\"1024\" height=\"768\" data-id=\"1455\" src=\"http:\/\/uccle-centre-art.org\/www2\/wp-content\/uploads\/2022\/04\/SANS-TITRE_1-1024x768.jpeg\" alt=\"\" class=\"wp-image-1455\" srcset=\"https:\/\/uccle-centre-art.org\/www2\/wp-content\/uploads\/2022\/04\/SANS-TITRE_1-1024x768.jpeg 1024w, https:\/\/uccle-centre-art.org\/www2\/wp-content\/uploads\/2022\/04\/SANS-TITRE_1-300x225.jpeg 300w, https:\/\/uccle-centre-art.org\/www2\/wp-content\/uploads\/2022\/04\/SANS-TITRE_1-768x576.jpeg 768w, https:\/\/uccle-centre-art.org\/www2\/wp-content\/uploads\/2022\/04\/SANS-TITRE_1-1536x1152.jpeg 1536w, https:\/\/uccle-centre-art.org\/www2\/wp-content\/uploads\/2022\/04\/SANS-TITRE_1-2048x1536.jpeg 2048w\" sizes=\"auto, (max-width: 1024px) 100vw, 1024px\" \/><figcaption>SANS TITRE_1<\/figcaption><\/figure>\n\n\n\n<figure class=\"wp-block-image size-large\"><img loading=\"lazy\" decoding=\"async\" width=\"1024\" height=\"768\" data-id=\"1454\" src=\"http:\/\/uccle-centre-art.org\/www2\/wp-content\/uploads\/2022\/04\/PAYSAGE-1024x768.jpeg\" alt=\"\" class=\"wp-image-1454\" srcset=\"https:\/\/uccle-centre-art.org\/www2\/wp-content\/uploads\/2022\/04\/PAYSAGE-1024x768.jpeg 1024w, https:\/\/uccle-centre-art.org\/www2\/wp-content\/uploads\/2022\/04\/PAYSAGE-300x225.jpeg 300w, https:\/\/uccle-centre-art.org\/www2\/wp-content\/uploads\/2022\/04\/PAYSAGE-768x576.jpeg 768w, https:\/\/uccle-centre-art.org\/www2\/wp-content\/uploads\/2022\/04\/PAYSAGE-1536x1152.jpeg 1536w, https:\/\/uccle-centre-art.org\/www2\/wp-content\/uploads\/2022\/04\/PAYSAGE-2048x1536.jpeg 2048w\" sizes=\"auto, (max-width: 1024px) 100vw, 1024px\" \/><figcaption>PAYSAGE<\/figcaption><\/figure>\n\n\n\n<figure class=\"wp-block-image size-large\"><img loading=\"lazy\" decoding=\"async\" width=\"1292\" height=\"1722\" data-id=\"393\" src=\"http:\/\/uccle-centre-art.org\/www2\/wp-content\/uploads\/2021\/12\/okqvjrhiayzvhbsycvfvgxwrinntxvdg_mosa_0.jpeg\" alt=\"\" class=\"wp-image-393\" srcset=\"https:\/\/uccle-centre-art.org\/www2\/wp-content\/uploads\/2021\/12\/okqvjrhiayzvhbsycvfvgxwrinntxvdg_mosa_0.jpeg 1292w, https:\/\/uccle-centre-art.org\/www2\/wp-content\/uploads\/2021\/12\/okqvjrhiayzvhbsycvfvgxwrinntxvdg_mosa_0-225x300.jpeg 225w, https:\/\/uccle-centre-art.org\/www2\/wp-content\/uploads\/2021\/12\/okqvjrhiayzvhbsycvfvgxwrinntxvdg_mosa_0-768x1024.jpeg 768w, https:\/\/uccle-centre-art.org\/www2\/wp-content\/uploads\/2021\/12\/okqvjrhiayzvhbsycvfvgxwrinntxvdg_mosa_0-1152x1536.jpeg 1152w\" sizes=\"auto, (max-width: 1292px) 100vw, 1292px\" \/><\/figure>\n\n\n\n<figure class=\"wp-block-image size-large\"><img loading=\"lazy\" decoding=\"async\" width=\"2560\" height=\"2560\" data-id=\"394\" src=\"http:\/\/uccle-centre-art.org\/www2\/wp-content\/uploads\/2021\/12\/okqvjrhiayzvhbsycvfvgxwrinntxvdg_mosa_1-scaled.jpg\" alt=\"\" class=\"wp-image-394\" srcset=\"https:\/\/uccle-centre-art.org\/www2\/wp-content\/uploads\/2021\/12\/okqvjrhiayzvhbsycvfvgxwrinntxvdg_mosa_1-scaled.jpg 2560w, https:\/\/uccle-centre-art.org\/www2\/wp-content\/uploads\/2021\/12\/okqvjrhiayzvhbsycvfvgxwrinntxvdg_mosa_1-300x300.jpg 300w, https:\/\/uccle-centre-art.org\/www2\/wp-content\/uploads\/2021\/12\/okqvjrhiayzvhbsycvfvgxwrinntxvdg_mosa_1-1024x1024.jpg 1024w, https:\/\/uccle-centre-art.org\/www2\/wp-content\/uploads\/2021\/12\/okqvjrhiayzvhbsycvfvgxwrinntxvdg_mosa_1-150x150.jpg 150w, https:\/\/uccle-centre-art.org\/www2\/wp-content\/uploads\/2021\/12\/okqvjrhiayzvhbsycvfvgxwrinntxvdg_mosa_1-768x768.jpg 768w, https:\/\/uccle-centre-art.org\/www2\/wp-content\/uploads\/2021\/12\/okqvjrhiayzvhbsycvfvgxwrinntxvdg_mosa_1-1536x1536.jpg 1536w, https:\/\/uccle-centre-art.org\/www2\/wp-content\/uploads\/2021\/12\/okqvjrhiayzvhbsycvfvgxwrinntxvdg_mosa_1-2048x2048.jpg 2048w\" sizes=\"auto, (max-width: 2560px) 100vw, 2560px\" \/><\/figure>\n\n\n\n<figure class=\"wp-block-image size-medium\"><img loading=\"lazy\" decoding=\"async\" width=\"300\" height=\"300\" data-id=\"397\" src=\"http:\/\/uccle-centre-art.org\/www2\/wp-content\/uploads\/2021\/12\/okqvjrhiayzvhbsycvfvgxwrinntxvdg_mosa_4-300x300.jpg\" alt=\"\" class=\"wp-image-397\" srcset=\"https:\/\/uccle-centre-art.org\/www2\/wp-content\/uploads\/2021\/12\/okqvjrhiayzvhbsycvfvgxwrinntxvdg_mosa_4-300x300.jpg 300w, https:\/\/uccle-centre-art.org\/www2\/wp-content\/uploads\/2021\/12\/okqvjrhiayzvhbsycvfvgxwrinntxvdg_mosa_4-1024x1024.jpg 1024w, https:\/\/uccle-centre-art.org\/www2\/wp-content\/uploads\/2021\/12\/okqvjrhiayzvhbsycvfvgxwrinntxvdg_mosa_4-150x150.jpg 150w, https:\/\/uccle-centre-art.org\/www2\/wp-content\/uploads\/2021\/12\/okqvjrhiayzvhbsycvfvgxwrinntxvdg_mosa_4-768x768.jpg 768w, https:\/\/uccle-centre-art.org\/www2\/wp-content\/uploads\/2021\/12\/okqvjrhiayzvhbsycvfvgxwrinntxvdg_mosa_4-1536x1536.jpg 1536w, https:\/\/uccle-centre-art.org\/www2\/wp-content\/uploads\/2021\/12\/okqvjrhiayzvhbsycvfvgxwrinntxvdg_mosa_4-2048x2048.jpg 2048w\" sizes=\"auto, (max-width: 300px) 100vw, 300px\" \/><\/figure>\n\n\n\n<figure class=\"wp-block-image size-large\"><img loading=\"lazy\" decoding=\"async\" width=\"2151\" height=\"2151\" data-id=\"396\" src=\"http:\/\/uccle-centre-art.org\/www2\/wp-content\/uploads\/2021\/12\/okqvjrhiayzvhbsycvfvgxwrinntxvdg_mosa_3.jpg\" alt=\"\" class=\"wp-image-396\" srcset=\"https:\/\/uccle-centre-art.org\/www2\/wp-content\/uploads\/2021\/12\/okqvjrhiayzvhbsycvfvgxwrinntxvdg_mosa_3.jpg 2151w, https:\/\/uccle-centre-art.org\/www2\/wp-content\/uploads\/2021\/12\/okqvjrhiayzvhbsycvfvgxwrinntxvdg_mosa_3-300x300.jpg 300w, https:\/\/uccle-centre-art.org\/www2\/wp-content\/uploads\/2021\/12\/okqvjrhiayzvhbsycvfvgxwrinntxvdg_mosa_3-1024x1024.jpg 1024w, https:\/\/uccle-centre-art.org\/www2\/wp-content\/uploads\/2021\/12\/okqvjrhiayzvhbsycvfvgxwrinntxvdg_mosa_3-150x150.jpg 150w, https:\/\/uccle-centre-art.org\/www2\/wp-content\/uploads\/2021\/12\/okqvjrhiayzvhbsycvfvgxwrinntxvdg_mosa_3-768x768.jpg 768w, https:\/\/uccle-centre-art.org\/www2\/wp-content\/uploads\/2021\/12\/okqvjrhiayzvhbsycvfvgxwrinntxvdg_mosa_3-1536x1536.jpg 1536w, https:\/\/uccle-centre-art.org\/www2\/wp-content\/uploads\/2021\/12\/okqvjrhiayzvhbsycvfvgxwrinntxvdg_mosa_3-2048x2048.jpg 2048w\" sizes=\"auto, (max-width: 2151px) 100vw, 2151px\" \/><\/figure>\n\n\n\n<figure class=\"wp-block-image size-large\"><img loading=\"lazy\" decoding=\"async\" width=\"2560\" height=\"2560\" data-id=\"395\" src=\"http:\/\/uccle-centre-art.org\/www2\/wp-content\/uploads\/2021\/12\/okqvjrhiayzvhbsycvfvgxwrinntxvdg_mosa_2-scaled.jpg\" alt=\"\" class=\"wp-image-395\" srcset=\"https:\/\/uccle-centre-art.org\/www2\/wp-content\/uploads\/2021\/12\/okqvjrhiayzvhbsycvfvgxwrinntxvdg_mosa_2-scaled.jpg 2560w, https:\/\/uccle-centre-art.org\/www2\/wp-content\/uploads\/2021\/12\/okqvjrhiayzvhbsycvfvgxwrinntxvdg_mosa_2-300x300.jpg 300w, https:\/\/uccle-centre-art.org\/www2\/wp-content\/uploads\/2021\/12\/okqvjrhiayzvhbsycvfvgxwrinntxvdg_mosa_2-1024x1024.jpg 1024w, https:\/\/uccle-centre-art.org\/www2\/wp-content\/uploads\/2021\/12\/okqvjrhiayzvhbsycvfvgxwrinntxvdg_mosa_2-150x150.jpg 150w, https:\/\/uccle-centre-art.org\/www2\/wp-content\/uploads\/2021\/12\/okqvjrhiayzvhbsycvfvgxwrinntxvdg_mosa_2-768x768.jpg 768w, https:\/\/uccle-centre-art.org\/www2\/wp-content\/uploads\/2021\/12\/okqvjrhiayzvhbsycvfvgxwrinntxvdg_mosa_2-1536x1536.jpg 1536w, https:\/\/uccle-centre-art.org\/www2\/wp-content\/uploads\/2021\/12\/okqvjrhiayzvhbsycvfvgxwrinntxvdg_mosa_2-2048x2048.jpg 2048w\" sizes=\"auto, (max-width: 2560px) 100vw, 2560px\" \/><\/figure>\n<\/figure>\n<\/div>\n\n\n\n<div class=\"wp-block-column is-layout-flow wp-block-column-is-layout-flow\">\n<p><strong>MYRIAM CASSIERS<\/strong><\/p>\n\n\n\n<p><a href=\"tel:+32 478 52 31 30\">+32 478 52 31 30<\/a> | <a href=\"mailto:myriamcassiers059@gmail.com\">myriamcassiers059@gmail.com<\/a><\/p>\n\n\n\n<p>Mon travail se d\u00e9ploie autour de la notion de la trace : celle que tout \u00eatre vivant laisse sur la plan\u00e8te. Ces traces se croisent, s\u2019enchev\u00eatrent pour finalement se donner \u00e0 voir et former mati\u00e8re. Elles sont interd\u00e9pendantes et tissent une communaut\u00e9 de destin.&nbsp;<\/p>\n\n\n\n<p>Mes travaux cherchent \u00e0 rendre visible cette infinie richesse, \u00e0 d\u00e9m\u00ealer l\u2019\u00e9cheveau, \u00e0 mettre en lumi\u00e8re les aspects multiples du vivant.&nbsp;<\/p>\n\n\n\n<p>J\u2019aime montrer ce que l\u2019\u0153il ne voit plus, regards infinis sur la vie.&nbsp;<\/p>\n\n\n\n<p>Le verre a \u00e9t\u00e9 longtemps mon mat\u00e9riau de pr\u00e9dilection.&nbsp;<br>Aujourd\u2019hui ma recherche m\u2019am\u00e8ne \u00e0 explorer les \u00ab\u00a0mat\u00e9riaux souples\u00a0\u00bb et \u00e0 les combiner en utilisant les techniques les plus ad\u00e9quates au projet (crochet, tissage, dentelle, pliage, \u2026).&nbsp;<\/p>\n\n\n\n<p>Formation : Acad\u00e9mie des Beaux-Arts \u00e0 Namur, Instituut voor Kunst en Ambacht Mechelen, Academie voor Beeldende Kunsten Mechelen, Ecole d&rsquo;art d\u2019Uccle.<\/p>\n\n\n\n<hr class=\"wp-block-separator is-style-dots\"\/>\n<\/div>\n<\/div>\n","protected":false},"excerpt":{"rendered":"<p>MYRIAM CASSIERS +32 478 52 31 30 | myriamcassiers059@gmail.com Mon travail se d\u00e9ploie autour de la notion de la trace : celle que tout \u00eatre vivant laisse sur la plan\u00e8te. Ces traces se croisent, s\u2019enchev\u00eatrent pour finalement se donner \u00e0 voir et former mati\u00e8re. Elles sont interd\u00e9pendantes et tissent une communaut\u00e9 de destin.&nbsp; Mes travaux&hellip;&nbsp;<a href=\"https:\/\/uccle-centre-art.org\/www2\/myriam-cassiers\/\" class=\"\" rel=\"bookmark\">Lire la suite &raquo;<span class=\"screen-reader-text\">MYRIAM CASSIERS<\/span><\/a><\/p>\n","protected":false},"author":1,"featured_media":0,"parent":0,"menu_order":0,"comment_status":"closed","ping_status":"closed","template":"","meta":{"neve_meta_sidebar":"","neve_meta_container":"","neve_meta_enable_content_width":"","neve_meta_content_width":0,"neve_meta_title_alignment":"","neve_meta_author_avatar":"","neve_post_elements_order":"","neve_meta_disable_header":"","neve_meta_disable_footer":"","neve_meta_disable_title":"on","footnotes":""},"class_list":["post-392","page","type-page","status-publish","hentry"],"_links":{"self":[{"href":"https:\/\/uccle-centre-art.org\/www2\/wp-json\/wp\/v2\/pages\/392","targetHints":{"allow":["GET"]}}],"collection":[{"href":"https:\/\/uccle-centre-art.org\/www2\/wp-json\/wp\/v2\/pages"}],"about":[{"href":"https:\/\/uccle-centre-art.org\/www2\/wp-json\/wp\/v2\/types\/page"}],"author":[{"embeddable":true,"href":"https:\/\/uccle-centre-art.org\/www2\/wp-json\/wp\/v2\/users\/1"}],"replies":[{"embeddable":true,"href":"https:\/\/uccle-centre-art.org\/www2\/wp-json\/wp\/v2\/comments?post=392"}],"version-history":[{"count":8,"href":"https:\/\/uccle-centre-art.org\/www2\/wp-json\/wp\/v2\/pages\/392\/revisions"}],"predecessor-version":[{"id":1479,"href":"https:\/\/uccle-centre-art.org\/www2\/wp-json\/wp\/v2\/pages\/392\/revisions\/1479"}],"wp:attachment":[{"href":"https:\/\/uccle-centre-art.org\/www2\/wp-json\/wp\/v2\/media?parent=392"}],"curies":[{"name":"wp","href":"https:\/\/api.w.org\/{rel}","templated":true}]}}